{"id":360,"date":"2018-02-27T16:27:00","date_gmt":"2018-02-27T14:27:00","guid":{"rendered":"https:\/\/www.fsv1910.org\/wordpress\/?page_id=360"},"modified":"2020-02-04T09:18:25","modified_gmt":"2020-02-04T08:18:25","slug":"impressum","status":"publish","type":"page","link":"https:\/\/test.fsv1910.org\/?page_id=360","title":{"rendered":"Impressum"},"content":{"rendered":"<h3>Angaben gem\u00e4\u00df \u00a7 5 TMG:<\/h3>\r\nFSV 1910 Karlsruhe &#8211; Abteilung Motorflug\r\nLaval Avenue E 207a\r\n77836 Rheinm\u00fcnster\r\n<br><br>\r\n<h4>Vertreten durch:<\/h4>\r\n1. Vorstand: Roland Helfer\r\n\r\nAbteilungsleiter: Andreas Vogel\r\n\r\nAusbildungsleiter: Klaus Wegmann-Merseburger\r\n<br><br>\r\n<h4>\r\nKontakt:<\/h4>\r\nTelefon: +49 176 239 240 30\r\n\r\nE-Mail: fsv.motor@web.de\r\n<br><br>\r\n<h4>\r\nRegistereintrag:<\/h4>\r\nEintragung im Vereinsregister.\r\n\r\nRegistergericht: Vereinsregister beim Amtsgericht Mannheim\r\n\r\nRegisternummer: VR 100545\r\n<br><br>\r\n<h4>\r\nUmsatzsteuer:<\/h4>\r\nUmsatzsteuer-Identifikationsnummer\r\ngem\u00e4\u00df \u00a727 a Umsatzsteuergesetz:\r\nDE143609157\r\n<br><br>\r\n<h4>\r\nStreitschlichtung<\/h4>\r\nWir sind nicht bereit oder verpflichtet, an Streitbeilegungsverfahren vor einer\r\nVerbraucherschlichtungsstelle teilzunehmen.\r\n<br><br>\r\n<h4>\r\nHaftung f\u00fcr Inhalte<\/h4>\r\nAls Diensteanbieter sind wir gem\u00e4\u00df \u00a7 7 Abs.1 TMG f\u00fcr eigene Inhalte auf diesen Seiten\r\nnach den allgemeinen Gesetzen verantwortlich. Nach \u00a7\u00a7 8 bis 10 TMG sind wir als\r\nDiensteanbieter jedoch nicht verpflichtet, \u00fcbermittelte oder gespeicherte fremde Informationen zu\r\n\u00fcberwachen oder nach Umst\u00e4nden zu forschen, die auf eine rechtswidrige T\u00e4tigkeit\r\nhinweisen.\r\n\r\nVerpflichtungen zur Entfernung oder Sperrung der Nutzung von Informationen nach\r\nden allgemeinen Gesetzen bleiben hiervon unber\u00fchrt. Eine diesbez\u00fcgliche Haftung ist jedoch\u00a0erst ab dem Zeitpunkt der Kenntnis einer konkreten Rechtsverletzung m\u00f6glich. Bei Bekanntwerden\u00a0von entsprechenden Rechtsverletzungen werden wir diese Inhalte umgehend entfernen.\r\n<br><br>\r\n<h4>\r\nHaftung f\u00fcr Links<\/h4>\r\nUnser Angebot enth\u00e4lt Links zu externen Websites Dritter, auf deren Inhalte wir keinen Einfluss haben. Deshalb k\u00f6nnen wir f\u00fcr diese fremden Inhalte auch\u00a0keine Gew\u00e4hr \u00fcbernehmen. F\u00fcr die Inhalte der verlinkten Seiten ist stets der jeweilige\u00a0Anbieter oder Betreiber der Seiten verantwortlich. Die verlinkten Seiten wurden zum Zeitpunkt der Verlinkung auf m\u00f6gliche Rechtsverst\u00f6\u00dfe \u00fcberpr\u00fcft. Rechtswidrige Inhalte waren zum Zeitpunkt der Verlinkung nicht erkennbar.\r\n\r\nEine permanente inhaltliche Kontrolle der\u00a0verlinkten Seiten ist jedoch ohne konkrete Anhaltspunkte einer Rechtsverletzung nicht zumutbar. Bei Bekanntwerden von Rechtsverletzungen werden wir derartige Links umgehend entfernen.\r\n<br><br>\r\n<h4>\r\nUrheberrecht<\/h4>\r\nDie durch die Seitenbetreiber erstellten Inhalte und Werke auf diesen Seiten\r\nunterliegen dem deutschen Urheberrecht. Die Vervielf\u00e4ltigung, Bearbeitung, Verbreitung und jede\u00a0Art der Verwertung au\u00dferhalb der Grenzen des Urheberrechtes bed\u00fcrfen der schriftlichen\u00a0Zustimmung des jeweiligen Autors bzw. Erstellers. Downloads und Kopien dieser Seite sind nur f\u00fcr\u00a0den privaten, nicht kommerziellen Gebrauch gestattet.\r\n\r\nSoweit die Inhalte auf dieser Seite nicht\u00a0vom Betreiber erstellt wurden, werden die Urheberrechte Dritter beachtet. Insbesondere werden Inhalte\u00a0Dritter als solche gekennzeichnet. Sollten Sie trotzdem auf eine Urheberrechtsverletzung aufmerksam\r\nwerden, bitten wir um einen entsprechenden Hinweis. Bei Bekanntwerden von Rechtsverletzungen\u00a0werden wir derartige Inhalte umgehend entfernen.\r\n<br><br><br>\r\n<h3>\r\nDatenschutzerkl\u00e4rung<\/h3>\r\n<br>\r\n<h4>\r\nDatenschutz<\/h4>\r\nDie Betreiber dieser Seiten nehmen\u00a0den Schutz Ihrer pers\u00f6nlichen Daten sehr ernst. Wir behandeln Ihre personenbezogenen Daten\u00a0vertraulich und entsprechend der gesetzlichen Datenschutzvorschriften sowie dieser\u00a0Datenschutzerkl\u00e4rung.\r\n\r\nDie Nutzung unserer Website ist in der Regel ohne Angabe\u00a0personenbezogener Daten m\u00f6glich. Soweit auf unseren Seiten personenbezogene Daten\u00a0(beispielsweise Name, Anschrift oder E-Mail-Adressen) erhoben werden, erfolgt dies, soweit\u00a0m\u00f6glich, stets auf freiwilliger Basis. Diese Daten werden ohne Ihre ausdr\u00fcckliche Zustimmung\r\nnicht an Dritte weitergegeben.\r\n\r\nWir weisen darauf hin, dass die Daten\u00fcbertragung im Internet\u00a0(z.B. bei der Kommunikation per E-Mail) Sicherheitsl\u00fccken aufweisen kann. Ein l\u00fcckenloser\r\nSchutz der Daten vor dem Zugriff durch Dritte ist nicht m\u00f6glich.\r\n<br><br>\r\n<h4>\r\nCookies<\/h4>\r\nDie Internetseiten verwenden teilweise so genannte Cookies. Cookies richten auf\r\nIhrem Rechner keinen Schaden an und enthalten keine Viren. Cookies dienen dazu, unser Angebot\u00a0nutzerfreundlicher, effektiver und sicherer zu machen. Cookies sind kleine Textdateien, die auf Ihrem\u00a0Rechner abgelegt werden und die Ihr Browser speichert.\r\n\r\nDie meisten der von uns verwendeten\u00a0Cookies sind so genannte \u201eSession-Cookies\u201c. Sie werden nach Ende Ihres Besuchs automatisch\u00a0gel\u00f6scht. Andere Cookies bleiben auf Ihrem Endger\u00e4t gespeichert, bis Sie diese l\u00f6schen.\r\nDiese Cookies erm\u00f6glichen es uns, Ihren Browser beim n\u00e4chsten Besuch wiederzuerkennen.\r\n\r\nSie k\u00f6nnen Ihren Browser so einstellen, dass Sie \u00fcber das Setzen von Cookies informiert werden und Cookies nur im Einzelfall erlauben, die Annahme von Cookies f\u00fcr\u00a0bestimmte F\u00e4lle oder generell ausschlie\u00dfen sowie das automatische L\u00f6schen der\u00a0Cookies beim Schlie\u00dfen des Browser aktivieren. Bei der Deaktivierung von Cookies kann die\u00a0Funktionalit\u00e4t dieser Website eingeschr\u00e4nkt sein.\r\n<br><br>\r\n<h4>\r\nServer-Log-Files<\/h4>\r\nDer Provider der Seiten erhebt und speichert automatisch Informationen in so genannten\u00a0Server-Log Files, die Ihr Browser automatisch an uns \u00fcbermittelt. Dies sind:\r\n<ul>\r\n \t<li>Browsertyp und Browserversion<\/li>\r\n \t<li>verwendetes Betriebssystem<\/li>\r\n \t<li>Referrer URL<\/li>\r\n \t<li>Hostname des zugreifenden Rechners<\/li>\r\n \t<li>Uhrzeit der Serveranfrage<\/li>\r\n<\/ul>\r\nDiese Daten\u00a0sind nicht bestimmten Personen zuordenbar. Eine Zusammenf\u00fchrung dieser Daten mit anderen\u00a0Datenquellen wird nicht vorgenommen. Wir behalten uns vor, diese Daten nachtr\u00e4glich zu\u00a0pr\u00fcfen, wenn uns konkrete Anhaltspunkte f\u00fcr eine rechtswidrige Nutzung bekannt\u00a0werden.\r\n<br><br>\r\n<h4>\r\nKontaktformular<\/h4>\r\nWenn Sie uns per Kontaktformular Anfragen\u00a0zukommen lassen, werden Ihre Angaben aus dem Anfrageformular inklusive der von Ihnen dort\u00a0angegebenen Kontaktdaten zwecks Bearbeitung der Anfrage und f\u00fcr den Fall von Anschlussfragen bei uns gespeichert. Diese Daten geben wir nicht ohne Ihre Einwilligung weiter.\r\n<br><br>\r\n<h4>\r\nNewsletterdaten<\/h4>\r\nWenn Sie den auf der Website angebotenen Newsletter beziehen m\u00f6chten, ben\u00f6tigen wir von Ihnen eine E-Mail-Adresse sowie Informationen, welche uns die\u00a0\u00dcberpr\u00fcfung gestatten, dass Sie der Inhaber der angegebenen E-Mail-Adresse sind und mit\u00a0dem Empfang des Newsletters einverstanden sind. Weitere Daten werden nicht erhoben. Diese Daten\u00a0verwenden wir ausschlie\u00dflich f\u00fcr den Versand der angeforderten Informationen und geben sie\u00a0nicht an Dritte weiter.\r\n\r\nDie erteilte Einwilligung zur Speicherung der Daten, der E-Mail-Adresse sowie deren Nutzung zum Versand des Newsletters k\u00f6nnen Sie jederzeit widerrufen, etwa\u00a0\u00fcber den &#8222;Austragen&#8220;-Link im Newsletter.\r\n<br><br>\r\n<h4>\r\nYouTube<\/h4>\r\nUnsere\u00a0Website nutzt Plugins der von Google betriebenen Seite YouTube. Betreiber der Seiten ist die YouTube,\u00a0LLC, 901 Cherry Ave., San Bruno, CA 94066, USA. Wenn Sie eine unserer mit einem YouTube-Plugin\u00a0ausgestatteten Seiten besuchen, wird eine Verbindung zu den Servern von YouTube hergestellt. Dabei\u00a0wird dem Youtube-Server mitgeteilt, welche unserer Seiten Sie besucht haben.\r\n\r\nWenn Sie in\u00a0Ihrem YouTube-Account eingeloggt sind erm\u00f6glichen Sie YouTube, Ihr Surfverhalten direkt Ihrem\u00a0pers\u00f6nlichen Profil zuzuordnen. Dies k\u00f6nnen Sie verhindern, indem Sie sich aus Ihrem\u00a0YouTube-Account ausloggen.\r\n\r\nWeitere Informationen zum Umgang von Nutzerdaten finden Sie in\u00a0der Datenschutzerkl\u00e4rung von YouTube unter: <a href=\"https:\/\/www.google.de\/intl\/de\/policies\/privacy\" target=\"_blank\" rel=\"noopener noreferrer\">https:\/\/www.google.de\/intl\/de\/policies\/privacy<\/a>\r\n<br><br>\r\n<h4>\r\nKommentarfunktion auf dieser Website<\/h4>\r\nF\u00fcr die Kommentarfunktion auf dieser Seite\u00a0werden neben Ihrem Kommentar auch Angaben zum Zeitpunkt der Erstellung des Kommentars, Ihre EMail-\u00a0Adresse und, wenn Sie nicht anonym posten, der von Ihnen gew\u00e4hlte Nutzername\u00a0gespeichert.\r\n<br><br>\r\n<strong>\r\nSpeicherung der IP Adresse<\/strong><br>\r\n\r\nUnsere Kommentarfunktion\u00a0speichert die IP-Adressen der Nutzer, die Kommentare verfassen. Da wir Kommentare auf unserer Seite\u00a0nicht vor der Freischaltung pr\u00fcfen, ben\u00f6tigen wir diese Daten, um im Falle von\u00a0Rechtsverletzungen wie Beleidigungen oder Propaganda gegen den Verfasser vorgehen zu\u00a0k\u00f6nnen.\r\n<br><br>\r\n<strong>\r\nAbonnieren von Kommentaren<\/strong><br>\r\n\r\nAls Nutzer der Seite\u00a0k\u00f6nnen Sie nach einer Anmeldung Kommentare abonnieren. Sie erhalten eine\u00a0Best\u00e4tigungsemail, um zu pr\u00fcfen, ob Sie der Inhaber der angegebenen E-Mail-Adresse sind.\u00a0Sie k\u00f6nnen diese Funktion jederzeit \u00fcber einen Link in den Info-Mails abbestellen.\r\n<br><br>\r\n<h4>\r\nSSL-Verschl\u00fcsselung<\/h4>\r\nDiese Seite nutzt aus Gr\u00fcnden der Sicherheit und zum Schutz der \u00dcbertragung vertraulicher Inhalte, wie zum Beispiel der Anfragen, die\u00a0Sie an uns als Seitenbetreiber senden, eine SSL-Verschl\u00fcsselung. Eine verschl\u00fcsselte\u00a0Verbindung erkennen Sie daran, dass die Adresszeile des Browsers von &#8222;http:\/\/&#8220; auf\u00a0&#8222;https:\/\/&#8220; wechselt und an dem Schloss-Symbol in Ihrer Browserzeile.\r\n\r\nWenn die SSL\u00a0Verschl\u00fcsselung aktiviert ist, k\u00f6nnen die Daten, die Sie an uns \u00fcbermitteln, nicht von\u00a0Dritten mitgelesen werden.\r\n<br><br>\r\n<h4>\r\nRecht auf Auskunft, L\u00f6schung, Sperrung<\/h4>\r\nSie haben jederzeit das Recht auf unentgeltliche Auskunft \u00fcber Ihre gespeicherten personenbezogenen Daten, deren Herkunft und Empf\u00e4nger und den Zweck der Datenverarbeitung\u00a0sowie ein Recht auf Berichtigung, Sperrung oder L\u00f6schung dieser Daten. Hierzu sowie zu weiteren\u00a0Fragen zum Thema personenbezogene Daten k\u00f6nnen Sie sich jederzeit unter der im Impressum\u00a0angegebenen Adresse an uns wenden.\r\n\r\n<br><br>\r\n\r\n&nbsp;","protected":false},"excerpt":{"rendered":"<p>Angaben gem\u00e4\u00df \u00a7 5 TMG: FSV 1910 Karlsruhe &#8211; Abteilung Motorflug Laval Avenue E 207a 77836 Rheinm\u00fcnster Vertreten durch: 1. Vorstand: Roland Helfer Abteilungsleiter: Andreas Vogel Ausbildungsleiter: Klaus Wegmann-Merseburger Kontakt: Telefon: +49 176 239 240 30 E-Mail: fsv.motor@web.de Registereintrag: Eintragung im Vereinsregister. Registergericht: Vereinsregister beim Amtsgericht Mannheim Registernummer: VR 100545 Umsatzsteuer: Umsatzsteuer-Identifikationsnummer gem\u00e4\u00df \u00a727 a&hellip; <br \/> <a class=\"button small blue\" href=\"https:\/\/test.fsv1910.org\/?page_id=360\">Weiterlesen<\/a><\/p>\n","protected":false},"author":5,"featured_media":0,"parent":0,"menu_order":0,"comment_status":"closed","ping_status":"closed","template":"","meta":{"footnotes":""},"class_list":["post-360","page","type-page","status-publish","hentry"],"yoast_head":"<!-- This site is optimized with the Yoast SEO plugin v27.5 - https:\/\/yoast.com\/product\/yoast-seo-wordpress\/ -->\n<title>Impressum &#8211; FSV 1910 Karlsruhe Motorflug TEST<\/title>\n<meta name=\"robots\" content=\"noindex, follow, max-snippet:-1, max-image-preview:large, max-video-preview:-1\" \/>\n<meta property=\"og:locale\" content=\"de_DE\" \/>\n<meta property=\"og:type\" content=\"article\" \/>\n<meta property=\"og:title\" content=\"Impressum &#8211; FSV 1910 Karlsruhe Motorflug TEST\" \/>\n<meta property=\"og:description\" content=\"Angaben gem\u00e4\u00df \u00a7 5 TMG: FSV 1910 Karlsruhe &#8211; Abteilung Motorflug Laval Avenue E 207a 77836 Rheinm\u00fcnster Vertreten durch: 1. Vorstand: Roland Helfer Abteilungsleiter: Andreas Vogel Ausbildungsleiter: Klaus Wegmann-Merseburger Kontakt: Telefon: +49 176 239 240 30 E-Mail: fsv.motor@web.de Registereintrag: Eintragung im Vereinsregister. Registergericht: Vereinsregister beim Amtsgericht Mannheim Registernummer: VR 100545 Umsatzsteuer: Umsatzsteuer-Identifikationsnummer gem\u00e4\u00df \u00a727 a&hellip; Weiterlesen\" \/>\n<meta property=\"og:url\" content=\"https:\/\/test.fsv1910.org\/?page_id=360\" \/>\n<meta property=\"og:site_name\" content=\"FSV 1910 Karlsruhe Motorflug TEST\" \/>\n<meta property=\"article:modified_time\" content=\"2020-02-04T08:18:25+00:00\" \/>\n<meta name=\"twitter:card\" content=\"summary_large_image\" \/>\n<meta name=\"twitter:label1\" content=\"Gesch\u00e4tzte Lesezeit\" \/>\n\t<meta name=\"twitter:data1\" content=\"6\u00a0Minuten\" \/>\n<script type=\"application\/ld+json\" class=\"yoast-schema-graph\">{\"@context\":\"https:\\\/\\\/schema.org\",\"@graph\":[{\"@type\":\"WebPage\",\"@id\":\"https:\\\/\\\/test.fsv1910.org\\\/?page_id=360\",\"url\":\"https:\\\/\\\/test.fsv1910.org\\\/?page_id=360\",\"name\":\"Impressum &#8211; FSV 1910 Karlsruhe Motorflug TEST\",\"isPartOf\":{\"@id\":\"https:\\\/\\\/test.fsv1910.org\\\/#website\"},\"datePublished\":\"2018-02-27T14:27:00+00:00\",\"dateModified\":\"2020-02-04T08:18:25+00:00\",\"breadcrumb\":{\"@id\":\"https:\\\/\\\/test.fsv1910.org\\\/?page_id=360#breadcrumb\"},\"inLanguage\":\"de\",\"potentialAction\":[{\"@type\":\"ReadAction\",\"target\":[\"https:\\\/\\\/test.fsv1910.org\\\/?page_id=360\"]}]},{\"@type\":\"BreadcrumbList\",\"@id\":\"https:\\\/\\\/test.fsv1910.org\\\/?page_id=360#breadcrumb\",\"itemListElement\":[{\"@type\":\"ListItem\",\"position\":1,\"name\":\"Startseite\",\"item\":\"https:\\\/\\\/test.fsv1910.org\\\/\"},{\"@type\":\"ListItem\",\"position\":2,\"name\":\"Impressum\"}]},{\"@type\":\"WebSite\",\"@id\":\"https:\\\/\\\/test.fsv1910.org\\\/#website\",\"url\":\"https:\\\/\\\/test.fsv1910.org\\\/\",\"name\":\"FSV 1910 Karlsruhe Motorflug\",\"description\":\"Abteilung Motorflug\",\"publisher\":{\"@id\":\"https:\\\/\\\/test.fsv1910.org\\\/#organization\"},\"potentialAction\":[{\"@type\":\"SearchAction\",\"target\":{\"@type\":\"EntryPoint\",\"urlTemplate\":\"https:\\\/\\\/test.fsv1910.org\\\/?s={search_term_string}\"},\"query-input\":{\"@type\":\"PropertyValueSpecification\",\"valueRequired\":true,\"valueName\":\"search_term_string\"}}],\"inLanguage\":\"de\"},{\"@type\":\"Organization\",\"@id\":\"https:\\\/\\\/test.fsv1910.org\\\/#organization\",\"name\":\"FSV 1910 Karlsruhe Motorflug\",\"url\":\"https:\\\/\\\/test.fsv1910.org\\\/\",\"logo\":{\"@type\":\"ImageObject\",\"inLanguage\":\"de\",\"@id\":\"https:\\\/\\\/test.fsv1910.org\\\/#\\\/schema\\\/logo\\\/image\\\/\",\"url\":\"\",\"contentUrl\":\"\",\"caption\":\"FSV 1910 Karlsruhe Motorflug\"},\"image\":{\"@id\":\"https:\\\/\\\/test.fsv1910.org\\\/#\\\/schema\\\/logo\\\/image\\\/\"}}]}<\/script>\n<!-- \/ Yoast SEO plugin. -->","yoast_head_json":{"title":"Impressum &#8211; FSV 1910 Karlsruhe Motorflug TEST","robots":{"index":"noindex","follow":"follow","max-snippet":"max-snippet:-1","max-image-preview":"max-image-preview:large","max-video-preview":"max-video-preview:-1"},"og_locale":"de_DE","og_type":"article","og_title":"Impressum &#8211; FSV 1910 Karlsruhe Motorflug TEST","og_description":"Angaben gem\u00e4\u00df \u00a7 5 TMG: FSV 1910 Karlsruhe &#8211; Abteilung Motorflug Laval Avenue E 207a 77836 Rheinm\u00fcnster Vertreten durch: 1. Vorstand: Roland Helfer Abteilungsleiter: Andreas Vogel Ausbildungsleiter: Klaus Wegmann-Merseburger Kontakt: Telefon: +49 176 239 240 30 E-Mail: fsv.motor@web.de Registereintrag: Eintragung im Vereinsregister. Registergericht: Vereinsregister beim Amtsgericht Mannheim Registernummer: VR 100545 Umsatzsteuer: Umsatzsteuer-Identifikationsnummer gem\u00e4\u00df \u00a727 a&hellip; Weiterlesen","og_url":"https:\/\/test.fsv1910.org\/?page_id=360","og_site_name":"FSV 1910 Karlsruhe Motorflug TEST","article_modified_time":"2020-02-04T08:18:25+00:00","twitter_card":"summary_large_image","twitter_misc":{"Gesch\u00e4tzte Lesezeit":"6\u00a0Minuten"},"schema":{"@context":"https:\/\/schema.org","@graph":[{"@type":"WebPage","@id":"https:\/\/test.fsv1910.org\/?page_id=360","url":"https:\/\/test.fsv1910.org\/?page_id=360","name":"Impressum &#8211; FSV 1910 Karlsruhe Motorflug TEST","isPartOf":{"@id":"https:\/\/test.fsv1910.org\/#website"},"datePublished":"2018-02-27T14:27:00+00:00","dateModified":"2020-02-04T08:18:25+00:00","breadcrumb":{"@id":"https:\/\/test.fsv1910.org\/?page_id=360#breadcrumb"},"inLanguage":"de","potentialAction":[{"@type":"ReadAction","target":["https:\/\/test.fsv1910.org\/?page_id=360"]}]},{"@type":"BreadcrumbList","@id":"https:\/\/test.fsv1910.org\/?page_id=360#breadcrumb","itemListElement":[{"@type":"ListItem","position":1,"name":"Startseite","item":"https:\/\/test.fsv1910.org\/"},{"@type":"ListItem","position":2,"name":"Impressum"}]},{"@type":"WebSite","@id":"https:\/\/test.fsv1910.org\/#website","url":"https:\/\/test.fsv1910.org\/","name":"FSV 1910 Karlsruhe Motorflug","description":"Abteilung Motorflug","publisher":{"@id":"https:\/\/test.fsv1910.org\/#organization"},"potentialAction":[{"@type":"SearchAction","target":{"@type":"EntryPoint","urlTemplate":"https:\/\/test.fsv1910.org\/?s={search_term_string}"},"query-input":{"@type":"PropertyValueSpecification","valueRequired":true,"valueName":"search_term_string"}}],"inLanguage":"de"},{"@type":"Organization","@id":"https:\/\/test.fsv1910.org\/#organization","name":"FSV 1910 Karlsruhe Motorflug","url":"https:\/\/test.fsv1910.org\/","logo":{"@type":"ImageObject","inLanguage":"de","@id":"https:\/\/test.fsv1910.org\/#\/schema\/logo\/image\/","url":"","contentUrl":"","caption":"FSV 1910 Karlsruhe Motorflug"},"image":{"@id":"https:\/\/test.fsv1910.org\/#\/schema\/logo\/image\/"}}]}},"_links":{"self":[{"href":"https:\/\/test.fsv1910.org\/index.php?rest_route=\/wp\/v2\/pages\/360","targetHints":{"allow":["GET"]}}],"collection":[{"href":"https:\/\/test.fsv1910.org\/index.php?rest_route=\/wp\/v2\/pages"}],"about":[{"href":"https:\/\/test.fsv1910.org\/index.php?rest_route=\/wp\/v2\/types\/page"}],"author":[{"embeddable":true,"href":"https:\/\/test.fsv1910.org\/index.php?rest_route=\/wp\/v2\/users\/5"}],"replies":[{"embeddable":true,"href":"https:\/\/test.fsv1910.org\/index.php?rest_route=%2Fwp%2Fv2%2Fcomments&post=360"}],"version-history":[{"count":25,"href":"https:\/\/test.fsv1910.org\/index.php?rest_route=\/wp\/v2\/pages\/360\/revisions"}],"predecessor-version":[{"id":1735,"href":"https:\/\/test.fsv1910.org\/index.php?rest_route=\/wp\/v2\/pages\/360\/revisions\/1735"}],"wp:attachment":[{"href":"https:\/\/test.fsv1910.org\/index.php?rest_route=%2Fwp%2Fv2%2Fmedia&parent=360"}],"curies":[{"name":"wp","href":"https:\/\/api.w.org\/{rel}","templated":true}]}}